{"id":178,"date":"2013-03-27T19:17:06","date_gmt":"2013-03-27T18:17:06","guid":{"rendered":"http:\/\/tsv-germania-hohenlimburg-reh-1894-e-v.online.de\/HSGneu\/?page_id=178"},"modified":"2019-12-18T12:47:32","modified_gmt":"2019-12-18T11:47:32","slug":"mitgliedschaft","status":"publish","type":"page","link":"https:\/\/handball.tsv-reh.de\/?page_id=178","title":{"rendered":"Mitgliedschaft"},"content":{"rendered":"<p>Um bei der HSG aktiv zu werden muss man sich bei einem der beiden Stammvereine anmelden. Eine direkte Mitgliedschaft bei der HSG ist nicht m\u00f6glich. Auch die Abmeldung muss bei dem jeweiligen Stammverein erfolgen. Hierbei gilt es zu beachten, dass die Abmeldung den Fristen des jeweiligen Stammverein unterliegt. Diese sind in den Satzungen der Stammvereine nachzulesen.<br \/>\nDie Anmeldung erfolgt \u00fcber das gemeinsame Formular. Dieses muss, je nach dem f\u00fcr welchen Verein man sich entschieden hat, bei dem jeweiligen Ansprechpartner abgegeben oder per Post zugeschickt werden. Beim TSV Germania Reh ist es auch m\u00f6glich die Anmeldung eingescannt <a href=\"mailto:info@tsv-reh.de\" target=\"_blank\" rel=\"noopener noreferrer\">per E-Mail<\/a> an den Verein zu senden.<\/p>\n<p>Den Antrag kann man sich hier downloaden:<\/p>\n<p><a href=\"http:\/\/tsv-germania-hohenlimburg-reh-1894-e-v.online.de\/HSGneu\/wp-content\/uploads\/2019\/01\/HSG_Anmeldung2018.pdf\">ANMELDUNG HERUNTERLADEN<\/a><\/p>\n<p>&nbsp;<\/p>\n<p><strong>Ansprechpartner\/Adressen:<br \/>\n<\/strong><\/p>\n<p><em><a href=\"http:\/\/tsv-germania-hohenlimburg-reh-1894-e-v.online.de\/HSGneu\/wp-content\/uploads\/2013\/03\/WappenText.gif\"><img loading=\"lazy\" decoding=\"async\" class=\"alignnone size-full wp-image-1409\" src=\"http:\/\/tsv-germania-hohenlimburg-reh-1894-e-v.online.de\/HSGneu\/wp-content\/uploads\/2013\/03\/WappenText.gif\" alt=\"WappenText\" width=\"196\" height=\"62\" \/><\/a><br \/>\nTSV Germania Hohenlimburg-Reh 1894 e.V.<\/em><br \/>\nPostfach 5812<br \/>\n58113 Hohenlimburg<br \/>\n<a href=\"http:\/\/www.germania-reh.de\">www.germania-reh.de<\/a><br \/>\ninfo@tsv-reh.de<\/p>\n<p>Anmeldungen k\u00f6nnen auch abgeben werden bei:<br \/>\nJonny Richter, Otto B\u00f6ringer, Thomas Stemann, Michael Rinke, Christopher Richter, Frank Sch\u00fctte, Fabian Richter und Patrick Richter.<\/p>\n<p><a href=\"http:\/\/tsv-germania-hohenlimburg-reh-1894-e-v.online.de\/TSVneu\/wp-content\/uploads\/2014\/01\/Neue_Satzung_TSV_27.01.2015.pdf\" target=\"_blank\" rel=\"noopener noreferrer\">Satzung des TSV zum downloaden<\/a><\/p>\n<p>_______________________________________________________________<\/p>\n<p><em><a href=\"http:\/\/tsv-germania-hohenlimburg-reh-1894-e-v.online.de\/HSGneu\/wp-content\/uploads\/2013\/03\/Wappen_Oege_klein.jpg\"><img loading=\"lazy\" decoding=\"async\" class=\"alignnone size-full wp-image-1412\" src=\"http:\/\/tsv-germania-hohenlimburg-reh-1894-e-v.online.de\/HSGneu\/wp-content\/uploads\/2013\/03\/Wappen_Oege_klein.jpg\" alt=\"Wappen_Oege_klein\" width=\"55\" height=\"60\" \/><\/a><br \/>\nTuS Hohenlimburg-Oege<\/em><br \/>\nDetlef Weimann<br \/>\nFeldstra\u00dfe 9<br \/>\n<em id=\"__mceDel\">58119 Hohenlimburg<br \/>\n<a href=\"http:\/\/www.tus-oege.de\">www.tus-oege.de<\/a><br \/>\n<\/em><\/p>\n<p><a href=\"http:\/\/tsv-germania-hohenlimburg-reh-1894-e-v.online.de\/HSGneu\/wp-content\/uploads\/2013\/03\/Regeln-zur-Mitgliedschaft-beim-TuS-Oege.pdf\">Regeln zur Mitgliedschaft beim TuS Oege<\/a><\/p>\n<p>_______________________________________________________________<\/p>\n<p><strong>Mitgliedsbeitr\u00e4ge:<\/strong><\/p>\n<table border=\"0\" width=\"416\" cellspacing=\"0\" cellpadding=\"0\">\n<colgroup>\n<col width=\"198\" \/>\n<col span=\"2\" width=\"109\" \/> <\/colgroup>\n<tbody>\n<tr>\n<td width=\"198\" height=\"20\"><\/td>\n<td style=\"text-align: right;\" width=\"109\"><strong>Reh (Halbjahr)<\/strong><\/td>\n<td style=\"text-align: right;\" width=\"109\"><strong>Oege (Halbjahr)<\/strong><\/td>\n<\/tr>\n<tr>\n<td height=\"20\">Passiv:<\/td>\n<td align=\"right\">15,00 \u20ac<\/td>\n<td align=\"right\">21,00 \u20ac<\/td>\n<\/tr>\n<tr>\n<td height=\"20\"><\/td>\n<td><\/td>\n<td><\/td>\n<\/tr>\n<tr>\n<td height=\"20\">Kinder 0-14 Jahre:<\/td>\n<td align=\"right\">24,00 \u20ac<\/td>\n<td align=\"right\">24,00 \u20ac<\/td>\n<\/tr>\n<tr>\n<td height=\"20\">Jugendliche 15-18 Jahre:<\/td>\n<td align=\"right\">27,00 \u20ac<\/td>\n<td align=\"right\">27,00 \u20ac<\/td>\n<\/tr>\n<tr>\n<td height=\"20\">Erwachsene:<\/td>\n<td align=\"right\">39,00 \u20ac<\/td>\n<td align=\"right\">39,00 \u20ac<\/td>\n<\/tr>\n<tr>\n<td height=\"20\">erm\u00e4\u00dfigt*:<\/td>\n<td align=\"right\">27,00 \u20ac<\/td>\n<td align=\"right\">27,00 \u20ac<\/td>\n<\/tr>\n<tr>\n<td height=\"20\">Familienbeitrag:<\/td>\n<td align=\"right\">a) mehrere Kinder \/ Jugendliche**:<\/p>\n<p>42,00 \u20ac<\/p>\n<p>b) Ehepaare**:<\/p>\n<p>48,00 \u20ac<\/p>\n<p>c) Erwachsene mit Kindern**:<\/p>\n<p>60,00 \u20ac<\/td>\n<td style=\"text-align: right;\">Erwachsene mit Kindern:<\/p>\n<p>60,00 \u20ac<\/td>\n<\/tr>\n<\/tbody>\n<\/table>\n<p>* Sch\u00fcler, Student, FSJ, FWD, Hartz IV ab 18 bis 27 Jahre<br \/>\n** Wird automatisch erhoben bei gleichem Lastschriftkonto<\/p>\n<p>&nbsp;<\/p>\n<p>Achtung! Angaben ohne Gew\u00e4hr. Beitr\u00e4ge und Fristen k\u00f6nnen sich \u00e4ndern, daher sind die Angaben hier nicht bindend! Bitte die Webseiten der Stammverein beachten.<\/p>\n<p>&nbsp;<\/p>\n","protected":false},"excerpt":{"rendered":"<p>Um bei der HSG aktiv zu werden muss man sich bei einem der beiden Stammvereine anmelden. Eine direkte Mitgliedschaft bei der HSG ist nicht m\u00f6glich. Auch die Abmeldung muss bei dem jeweiligen Stammverein erfolgen. Hierbei gilt es zu beachten, dass &hellip;<\/p>\n<p class=\"read-more\"> <a class=\"more-link\" href=\"https:\/\/handball.tsv-reh.de\/?page_id=178\"> <span class=\"screen-reader-text\">Mitgliedschaft<\/span> Read More &raquo;<\/a><\/p>\n","protected":false},"author":1,"featured_media":0,"parent":0,"menu_order":0,"comment_status":"closed","ping_status":"closed","template":"full-width-page.php","meta":{"footnotes":""},"_links":{"self":[{"href":"https:\/\/handball.tsv-reh.de\/index.php?rest_route=\/wp\/v2\/pages\/178"}],"collection":[{"href":"https:\/\/handball.tsv-reh.de\/index.php?rest_route=\/wp\/v2\/pages"}],"about":[{"href":"https:\/\/handball.tsv-reh.de\/index.php?rest_route=\/wp\/v2\/types\/page"}],"author":[{"embeddable":true,"href":"https:\/\/handball.tsv-reh.de\/index.php?rest_route=\/wp\/v2\/users\/1"}],"replies":[{"embeddable":true,"href":"https:\/\/handball.tsv-reh.de\/index.php?rest_route=%2Fwp%2Fv2%2Fcomments&post=178"}],"version-history":[{"count":30,"href":"https:\/\/handball.tsv-reh.de\/index.php?rest_route=\/wp\/v2\/pages\/178\/revisions"}],"predecessor-version":[{"id":4284,"href":"https:\/\/handball.tsv-reh.de\/index.php?rest_route=\/wp\/v2\/pages\/178\/revisions\/4284"}],"wp:attachment":[{"href":"https:\/\/handball.tsv-reh.de\/index.php?rest_route=%2Fwp%2Fv2%2Fmedia&parent=178"}],"curies":[{"name":"wp","href":"https:\/\/api.w.org\/{rel}","templated":true}]}}